{"id":1696,"date":"2020-01-17T03:53:33","date_gmt":"2020-01-17T03:53:33","guid":{"rendered":"http:\/\/wpdemo.archiwp.com\/engitech\/?page_id=1696"},"modified":"2025-04-24T12:25:06","modified_gmt":"2025-04-24T12:25:06","slug":"information","status":"publish","type":"page","link":"https:\/\/www.mystifying-almeida.194-164-160-196.plesk.page\/index.php\/information\/","title":{"rendered":"Information"},"content":{"rendered":"\t\t<div data-elementor-type=\"wp-page\" data-elementor-id=\"1696\" class=\"elementor elementor-1696\">\n\t\t\t\t\t\t<section class=\"elementor-section elementor-top-section elementor-element elementor-element-50eca5a elementor-section-boxed elementor-section-height-default elementor-section-height-default\" data-id=\"50eca5a\" data-element_type=\"section\">\n\t\t\t\t\t\t<div class=\"elementor-container elementor-column-gap-default\">\n\t\t\t\t\t<div class=\"elementor-column elementor-col-100 elementor-top-column elementor-element elementor-element-a18e915 ot-flex-column-vertical\" data-id=\"a18e915\" data-element_type=\"column\">\n\t\t\t<div class=\"elementor-widget-wrap elementor-element-populated\">\n\t\t\t\t\t\t<div class=\"elementor-element elementor-element-e701d62 elementor-widget elementor-widget-heading\" data-id=\"e701d62\" data-element_type=\"widget\" data-widget_type=\"heading.default\">\n\t\t\t\t<div class=\"elementor-widget-container\">\n\t\t\t\t\t<h2 class=\"elementor-heading-title elementor-size-default\">NOS PRESTATIONS : CHARCUTERIE<\/h2>\t\t\t\t<\/div>\n\t\t\t\t<\/div>\n\t\t\t\t<section class=\"elementor-section elementor-inner-section elementor-element elementor-element-d755d92 elementor-section-full_width ot-traditional elementor-section-height-default elementor-section-height-default\" data-id=\"d755d92\" data-element_type=\"section\">\n\t\t\t\t\t\t<div class=\"elementor-container elementor-column-gap-extended\">\n\t\t\t\t\t<div class=\"elementor-column elementor-col-100 elementor-inner-column elementor-element elementor-element-8c3a4f7 ot-flex-column-vertical\" data-id=\"8c3a4f7\" data-element_type=\"column\">\n\t\t\t<div class=\"elementor-widget-wrap elementor-element-populated\">\n\t\t\t\t\t\t<div class=\"elementor-element elementor-element-f19dabf elementor-widget elementor-widget-iiconbox2\" data-id=\"f19dabf\" data-element_type=\"widget\" data-widget_type=\"iiconbox2.default\">\n\t\t\t\t<div class=\"elementor-widget-container\">\n\t\t\t\t\t\t\t<div class=\"icon-box-s2 s1\">\n\t\t\t<div class=\"icon-main\">\n\t\t        \t\t\t    <img decoding=\"async\" src=\"https:\/\/www.mystifying-almeida.194-164-160-196.plesk.page\/wp-content\/uploads\/2025\/04\/coldcut-512.webp\" alt=\"Plats cuisin\u00e9s \u2013 Charcuterie artisanale maison \u2013 R\u00f4tisserie\">\t\t        \t\t        \t        <\/div>\n\t        <div class=\"content-box\">\n\t            <h5>Plats cuisin\u00e9s \u2013 Charcuterie artisanale maison \u2013 R\u00f4tisserie<\/h5>\n\t            <p>Pannetier Charcuterie Traiteur (plats \u00e0 emporter) vous accueille \u00e0 Puilboreau pr\u00e8s de La Rochelle dans le d\u00e9partement de la Charente-Maritime et vous propose des plats cuisin\u00e9s, de la charcuterie maison et de la r\u00f4tisserie.<\/p>\n\t        <\/div>\n\t    <\/div>\n\t    \t\t\t\t<\/div>\n\t\t\t\t<\/div>\n\t\t\t\t\t<\/div>\n\t\t<\/div>\n\t\t\t\t\t<\/div>\n\t\t<\/section>\n\t\t\t\t<section class=\"elementor-section elementor-inner-section elementor-element elementor-element-51940b8 elementor-section-full_width ot-traditional elementor-section-height-default elementor-section-height-default\" data-id=\"51940b8\" data-element_type=\"section\">\n\t\t\t\t\t\t<div class=\"elementor-container elementor-column-gap-extended\">\n\t\t\t\t\t<div class=\"elementor-column elementor-col-100 elementor-inner-column elementor-element elementor-element-712dddf ot-flex-column-vertical\" data-id=\"712dddf\" data-element_type=\"column\">\n\t\t\t<div class=\"elementor-widget-wrap elementor-element-populated\">\n\t\t\t\t\t\t<div class=\"elementor-element elementor-element-146d066 elementor-widget elementor-widget-iiconbox2\" data-id=\"146d066\" data-element_type=\"widget\" data-widget_type=\"iiconbox2.default\">\n\t\t\t\t<div class=\"elementor-widget-container\">\n\t\t\t\t\t\t\t<div class=\"icon-box-s2 s1\">\n\t\t\t<div class=\"icon-main\">\n\t\t        \t\t\t    <img decoding=\"async\" src=\"https:\/\/www.mystifying-almeida.194-164-160-196.plesk.page\/wp-content\/uploads\/2025\/04\/5429_-_Quality_Verified-512.webp\" alt=\"CERTIFICATION, AGR\u00c9MENT, LABEL\">\t\t        \t\t        \t        <\/div>\n\t        <div class=\"content-box\">\n\t            <h5>CERTIFICATION, AGR\u00c9MENT, LABEL<\/h5>\n\t            <p>Concours des Saveurs R\u00e9gionales\nM\u00e9daille : Saveur d\u2019Argent 2020 ( BOUDIN NOIR )<br>\nM\u00e9daille : Saveur d\u2019Or 2020 ( Farci charentais )\n<br>\nQUALICHEF : produits artisanaux<\/p>\n\t        <\/div>\n\t    <\/div>\n\t    \t\t\t\t<\/div>\n\t\t\t\t<\/div>\n\t\t\t\t\t<\/div>\n\t\t<\/div>\n\t\t\t\t\t<\/div>\n\t\t<\/section>\n\t\t\t\t\t<\/div>\n\t\t<\/div>\n\t\t\t\t\t<\/div>\n\t\t<\/section>\n\t\t\t\t<section class=\"elementor-section elementor-top-section elementor-element elementor-element-22a5c84 elementor-section-boxed elementor-section-height-default elementor-section-height-default\" data-id=\"22a5c84\" data-element_type=\"section\" data-settings=\"{&quot;shape_divider_top&quot;:&quot;tilt&quot;}\">\n\t\t\t\t\t<div class=\"elementor-shape elementor-shape-top\" data-negative=\"false\">\n\t\t\t<svg xmlns=\"http:\/\/www.w3.org\/2000\/svg\" viewBox=\"0 0 1000 100\" preserveAspectRatio=\"none\">\n\t<path class=\"elementor-shape-fill\" d=\"M0,6V0h1000v100L0,6z\"\/>\n<\/svg>\t\t<\/div>\n\t\t\t\t\t<div class=\"elementor-container elementor-column-gap-default\">\n\t\t\t\t\t<div class=\"elementor-column elementor-col-100 elementor-top-column elementor-element elementor-element-12f4990 ot-flex-column-vertical\" data-id=\"12f4990\" data-element_type=\"column\">\n\t\t\t<div class=\"elementor-widget-wrap elementor-element-populated\">\n\t\t\t\t\t\t<section class=\"elementor-section elementor-inner-section elementor-element elementor-element-6dbc364 elementor-section-full_width ot-traditional elementor-section-height-default elementor-section-height-default\" data-id=\"6dbc364\" data-element_type=\"section\">\n\t\t\t\t\t\t<div class=\"elementor-container elementor-column-gap-extended\">\n\t\t\t\t\t<div class=\"elementor-column elementor-col-100 elementor-inner-column elementor-element elementor-element-7445e6c ot-flex-column-vertical\" data-id=\"7445e6c\" data-element_type=\"column\">\n\t\t\t<div class=\"elementor-widget-wrap elementor-element-populated\">\n\t\t\t\t\t\t<div class=\"elementor-element elementor-element-85f168b elementor-widget elementor-widget-heading\" data-id=\"85f168b\" data-element_type=\"widget\" data-widget_type=\"heading.default\">\n\t\t\t\t<div class=\"elementor-widget-container\">\n\t\t\t\t\t<h2 class=\"elementor-heading-title elementor-size-default\">MOYENS DE PAIEMENT<\/h2>\t\t\t\t<\/div>\n\t\t\t\t<\/div>\n\t\t\t\t\t<\/div>\n\t\t<\/div>\n\t\t\t\t\t<\/div>\n\t\t<\/section>\n\t\t\t\t<section class=\"elementor-section elementor-inner-section elementor-element elementor-element-985a1b7 elementor-section-full_width ot-traditional elementor-section-height-default elementor-section-height-default\" data-id=\"985a1b7\" data-element_type=\"section\">\n\t\t\t\t\t\t<div class=\"elementor-container elementor-column-gap-extended\">\n\t\t\t\t\t<div class=\"elementor-column elementor-col-33 elementor-inner-column elementor-element elementor-element-b08256f ot-flex-column-vertical\" data-id=\"b08256f\" data-element_type=\"column\">\n\t\t\t<div class=\"elementor-widget-wrap elementor-element-populated\">\n\t\t\t\t\t\t<div class=\"elementor-element elementor-element-9022277 elementor-widget elementor-widget-iiconbox1\" data-id=\"9022277\" data-element_type=\"widget\" data-widget_type=\"iiconbox1.default\">\n\t\t\t\t<div class=\"elementor-widget-container\">\n\t\t\t\t\t\t\t<div class=\"icon-box-s1\">\n\t\t\t<div class=\"icon-main\">\n\t\t        <svg aria-hidden=\"true\" class=\"e-font-icon-svg e-fab-cc-visa\" viewBox=\"0 0 576 512\" xmlns=\"http:\/\/www.w3.org\/2000\/svg\"><path d=\"M470.1 231.3s7.6 37.2 9.3 45H446c3.3-8.9 16-43.5 16-43.5-.2.3 3.3-9.1 5.3-14.9l2.8 13.4zM576 80v352c0 26.5-21.5 48-48 48H48c-26.5 0-48-21.5-48-48V80c0-26.5 21.5-48 48-48h480c26.5 0 48 21.5 48 48zM152.5 331.2L215.7 176h-42.5l-39.3 106-4.3-21.5-14-71.4c-2.3-9.9-9.4-12.7-18.2-13.1H32.7l-.7 3.1c15.8 4 29.9 9.8 42.2 17.1l35.8 135h42.5zm94.4.2L272.1 176h-40.2l-25.1 155.4h40.1zm139.9-50.8c.2-17.7-10.6-31.2-33.7-42.3-14.1-7.1-22.7-11.9-22.7-19.2.2-6.6 7.3-13.4 23.1-13.4 13.1-.3 22.7 2.8 29.9 5.9l3.6 1.7 5.5-33.6c-7.9-3.1-20.5-6.6-36-6.6-39.7 0-67.6 21.2-67.8 51.4-.3 22.3 20 34.7 35.2 42.2 15.5 7.6 20.8 12.6 20.8 19.3-.2 10.4-12.6 15.2-24.1 15.2-16 0-24.6-2.5-37.7-8.3l-5.3-2.5-5.6 34.9c9.4 4.3 26.8 8.1 44.8 8.3 42.2.1 69.7-20.8 70-53zM528 331.4L495.6 176h-31.1c-9.6 0-16.9 2.8-21 12.9l-59.7 142.5H426s6.9-19.2 8.4-23.3H486c1.2 5.5 4.8 23.3 4.8 23.3H528z\"><\/path><\/svg>\t\t\t    \t\t        \t        <\/div>\n\t        <h5>Les cartes<\/h5>\n\t        <div class=\"line-box\"><\/div>\n\t        <p>Carte Bleue<br>\nCarte Bleue Visa<br>\nCarte Eurocard \/ MasterCard<br>\nCarte Maestro<br>\nCarte Visa Electron<br>\nCarte Visa Infinite<br>\n\n<\/p>\n\t    <\/div>\n\t    \t\t\t\t<\/div>\n\t\t\t\t<\/div>\n\t\t\t\t\t<\/div>\n\t\t<\/div>\n\t\t\t\t<div class=\"elementor-column elementor-col-33 elementor-inner-column elementor-element elementor-element-c9eaabd ot-flex-column-vertical\" data-id=\"c9eaabd\" data-element_type=\"column\">\n\t\t\t<div class=\"elementor-widget-wrap elementor-element-populated\">\n\t\t\t\t\t\t<div class=\"elementor-element elementor-element-3fd69cc elementor-widget elementor-widget-iiconbox1\" data-id=\"3fd69cc\" data-element_type=\"widget\" data-widget_type=\"iiconbox1.default\">\n\t\t\t\t<div class=\"elementor-widget-container\">\n\t\t\t\t\t\t\t<div class=\"icon-box-s1\">\n\t\t\t<div class=\"icon-main\">\n\t\t        \t\t\t    <img decoding=\"async\" src=\"https:\/\/www.mystifying-almeida.194-164-160-196.plesk.page\/wp-content\/uploads\/2025\/04\/check-bank-line-palm-money-512.webp\" alt=\"Ch\u00e8que\">\t\t        \t        <\/div>\n\t        <h5>Ch\u00e8que<\/h5>\n\t        <div class=\"line-box\"><\/div>\n\t        <p>Ch\u00e8ques bancaires<br>\nCh\u00e8que-D\u00e9jeuner<br><\/p>\n\t    <\/div>\n\t    \t\t\t\t<\/div>\n\t\t\t\t<\/div>\n\t\t\t\t\t<\/div>\n\t\t<\/div>\n\t\t\t\t<div class=\"elementor-column elementor-col-33 elementor-inner-column elementor-element elementor-element-9a66ead ot-flex-column-vertical\" data-id=\"9a66ead\" data-element_type=\"column\">\n\t\t\t<div class=\"elementor-widget-wrap elementor-element-populated\">\n\t\t\t\t\t\t<div class=\"elementor-element elementor-element-0a39195 elementor-widget elementor-widget-iiconbox1\" data-id=\"0a39195\" data-element_type=\"widget\" data-widget_type=\"iiconbox1.default\">\n\t\t\t\t<div class=\"elementor-widget-container\">\n\t\t\t\t\t\t\t<div class=\"icon-box-s1\">\n\t\t\t<div class=\"icon-main\">\n\t\t        <svg aria-hidden=\"true\" class=\"e-font-icon-svg e-fas-ticket-alt\" viewBox=\"0 0 576 512\" xmlns=\"http:\/\/www.w3.org\/2000\/svg\"><path d=\"M128 160h320v192H128V160zm400 96c0 26.51 21.49 48 48 48v96c0 26.51-21.49 48-48 48H48c-26.51 0-48-21.49-48-48v-96c26.51 0 48-21.49 48-48s-21.49-48-48-48v-96c0-26.51 21.49-48 48-48h480c26.51 0 48 21.49 48 48v96c-26.51 0-48 21.49-48 48zm-48-104c0-13.255-10.745-24-24-24H120c-13.255 0-24 10.745-24 24v208c0 13.255 10.745 24 24 24h336c13.255 0 24-10.745 24-24V152z\"><\/path><\/svg>\t\t\t    \t\t        \t        <\/div>\n\t        <h5>Autres Solutions<\/h5>\n\t        <div class=\"line-box\"><\/div>\n\t        <p>Accepte les titres restaurant<br>\nTicket-Restaurant<br>\nEsp\u00e8ces<br><\/p>\n\t    <\/div>\n\t    \t\t\t\t<\/div>\n\t\t\t\t<\/div>\n\t\t\t\t\t<\/div>\n\t\t<\/div>\n\t\t\t\t\t<\/div>\n\t\t<\/section>\n\t\t\t\t\t<\/div>\n\t\t<\/div>\n\t\t\t\t\t<\/div>\n\t\t<\/section>\n\t\t\t\t<\/div>\n\t\t","protected":false},"excerpt":{"rendered":"<p>NOS PRESTATIONS : CHARCUTERIE Plats cuisin\u00e9s \u2013 Charcuterie artisanale maison \u2013 R\u00f4tisserie Pannetier Charcuterie Traiteur (plats \u00e0 emporter) vous accueille \u00e0 Puilboreau pr\u00e8s de La Rochelle dans le d\u00e9partement de la Charente-Maritime et vous propose des plats cuisin\u00e9s, de la charcuterie maison et de la r\u00f4tisserie. CERTIFICATION, AGR\u00c9MENT, LABEL Concours des Saveurs R\u00e9gionales M\u00e9daille : [&hellip;]<\/p>\n","protected":false},"author":1,"featured_media":0,"parent":0,"menu_order":0,"comment_status":"closed","ping_status":"closed","template":"","meta":{"footnotes":""},"class_list":["post-1696","page","type-page","status-publish","hentry"],"_links":{"self":[{"href":"https:\/\/www.mystifying-almeida.194-164-160-196.plesk.page\/index.php\/wp-json\/wp\/v2\/pages\/1696","targetHints":{"allow":["GET"]}}],"collection":[{"href":"https:\/\/www.mystifying-almeida.194-164-160-196.plesk.page\/index.php\/wp-json\/wp\/v2\/pages"}],"about":[{"href":"https:\/\/www.mystifying-almeida.194-164-160-196.plesk.page\/index.php\/wp-json\/wp\/v2\/types\/page"}],"author":[{"embeddable":true,"href":"https:\/\/www.mystifying-almeida.194-164-160-196.plesk.page\/index.php\/wp-json\/wp\/v2\/users\/1"}],"replies":[{"embeddable":true,"href":"https:\/\/www.mystifying-almeida.194-164-160-196.plesk.page\/index.php\/wp-json\/wp\/v2\/comments?post=1696"}],"version-history":[{"count":18,"href":"https:\/\/www.mystifying-almeida.194-164-160-196.plesk.page\/index.php\/wp-json\/wp\/v2\/pages\/1696\/revisions"}],"predecessor-version":[{"id":5369,"href":"https:\/\/www.mystifying-almeida.194-164-160-196.plesk.page\/index.php\/wp-json\/wp\/v2\/pages\/1696\/revisions\/5369"}],"wp:attachment":[{"href":"https:\/\/www.mystifying-almeida.194-164-160-196.plesk.page\/index.php\/wp-json\/wp\/v2\/media?parent=1696"}],"curies":[{"name":"wp","href":"https:\/\/api.w.org\/{rel}","templated":true}]}}