{"id":2274,"date":"2020-02-28T03:31:32","date_gmt":"2020-02-28T03:31:32","guid":{"rendered":"http:\/\/wpdemo.archiwp.com\/engitech\/?page_id=2274"},"modified":"2025-04-24T13:51:41","modified_gmt":"2025-04-24T13:51:41","slug":"home-1","status":"publish","type":"page","link":"https:\/\/www.mystifying-almeida.194-164-160-196.plesk.page\/","title":{"rendered":"Home 1"},"content":{"rendered":"\t\t<div data-elementor-type=\"wp-page\" data-elementor-id=\"2274\" class=\"elementor elementor-2274\">\n\t\t\t\t<div class=\"elementor-element elementor-element-75a2df7 e-flex e-con-boxed e-con e-parent\" data-id=\"75a2df7\" data-element_type=\"container\" data-settings=\"{&quot;background_background&quot;:&quot;gradient&quot;}\">\n\t\t\t\t\t<div class=\"e-con-inner\">\n\t\t<div class=\"elementor-element elementor-element-79bf686 e-con-full e-flex e-con e-child\" data-id=\"79bf686\" data-element_type=\"container\">\n\t\t\t\t<div class=\"elementor-element elementor-element-e83bcce elementor-widget elementor-widget-text-editor\" data-id=\"e83bcce\" data-element_type=\"widget\" data-widget_type=\"text-editor.default\">\n\t\t\t\t<div class=\"elementor-widget-container\">\n\t\t\t\t\t\t\t\t\t<p class=\"lead\"><strong>La soci\u00e9t\u00e9 Pannetier Charcuterie Traiteur<\/strong> (plats \u00e0 emporter) vous accueille \u00e0 Puilboreau pr\u00e9s de La Rochelle dans le d\u00e9partement de la Charente-Maritime.<\/p><p class=\"lead\">A votre disposition au march\u00e9 central de La Rochelle : deux points de vente, une charcuterie artisanale \u201cMaison\u201d avec espace traiteur de plats cuisin\u00e9s- et un second de r\u00f4tisserie.<\/p><p class=\"lead\">La <strong>SAS Pannetier Charcuterie Traiteur<\/strong> a \u00e9t\u00e9 fond\u00e9e en <strong>1969<\/strong>.<\/p><p class=\"lead\">Toute son \u00e9quipe est \u00e0 votre service. Pour de plus amples renseignements, contactez la soci\u00e9t\u00e9 de plats \u00e0 emporter Pannetier Charcuterie Traiteur qui reste \u00e0 votre enti\u00e8re disposition.<\/p><p class=\"lead\">N\u2019h\u00e9sitez pas \u00e0 demander notre carte de plats cuisin\u00e9s pour les f\u00eates de fin d\u2019ann\u00e9e chaleureuses et conviviales.<\/p>\t\t\t\t\t\t\t\t<\/div>\n\t\t\t\t<\/div>\n\t\t\t\t<\/div>\n\t\t<div class=\"elementor-element elementor-element-f58e15f e-con-full e-flex e-con e-child\" data-id=\"f58e15f\" data-element_type=\"container\">\n\t\t\t\t<div class=\"elementor-element elementor-element-c388ec1 elementor-widget elementor-widget-image\" data-id=\"c388ec1\" data-element_type=\"widget\" data-widget_type=\"image.default\">\n\t\t\t\t<div class=\"elementor-widget-container\">\n\t\t\t\t\t\t\t\t\t\t\t\t\t\t\t<img fetchpriority=\"high\" decoding=\"async\" width=\"1417\" height=\"1417\" src=\"https:\/\/www.mystifying-almeida.194-164-160-196.plesk.page\/wp-content\/uploads\/2025\/04\/des_ing_z.png\" class=\"attachment-full size-full wp-image-5271\" alt=\"\" srcset=\"https:\/\/www.mystifying-almeida.194-164-160-196.plesk.page\/wp-content\/uploads\/2025\/04\/des_ing_z.png 1417w, https:\/\/www.mystifying-almeida.194-164-160-196.plesk.page\/wp-content\/uploads\/2025\/04\/des_ing_z-300x300.png 300w, https:\/\/www.mystifying-almeida.194-164-160-196.plesk.page\/wp-content\/uploads\/2025\/04\/des_ing_z-1024x1024.png 1024w, https:\/\/www.mystifying-almeida.194-164-160-196.plesk.page\/wp-content\/uploads\/2025\/04\/des_ing_z-150x150.png 150w, https:\/\/www.mystifying-almeida.194-164-160-196.plesk.page\/wp-content\/uploads\/2025\/04\/des_ing_z-768x768.png 768w, https:\/\/www.mystifying-almeida.194-164-160-196.plesk.page\/wp-content\/uploads\/2025\/04\/des_ing_z-720x720.png 720w\" sizes=\"(max-width: 1417px) 100vw, 1417px\" \/>\t\t\t\t\t\t\t\t\t\t\t\t\t\t\t<\/div>\n\t\t\t\t<\/div>\n\t\t\t\t<\/div>\n\t\t\t\t\t<\/div>\n\t\t\t\t<\/div>\n\t\t\t\t<section class=\"elementor-section elementor-top-section elementor-element elementor-element-9a4c200 ot-traditional elementor-section-boxed elementor-section-height-default elementor-section-height-default\" data-id=\"9a4c200\" data-element_type=\"section\" data-settings=\"{&quot;background_background&quot;:&quot;classic&quot;}\">\n\t\t\t\t\t\t<div class=\"elementor-container elementor-column-gap-default\">\n\t\t\t\t\t<div class=\"elementor-column elementor-col-100 elementor-top-column elementor-element elementor-element-3fcfb9c ot-flex-column-vertical\" data-id=\"3fcfb9c\" data-element_type=\"column\">\n\t\t\t<div class=\"elementor-widget-wrap elementor-element-populated\">\n\t\t\t\t\t\t<div class=\"elementor-element elementor-element-8e77825 elementor-widget elementor-widget-iheading\" data-id=\"8e77825\" data-element_type=\"widget\" data-widget_type=\"iheading.default\">\n\t\t\t\t<div class=\"elementor-widget-container\">\n\t\t\t\t\t\t\t<div class=\"ot-heading\">\n\t        \t            <span>Concours &<\/span>\n\t        <h2 class=\"main-heading\">R\u00c9COMPENSES<\/h2>\t    <\/div>\n\t    \t\t\t\t<\/div>\n\t\t\t\t<\/div>\n\t\t\t\t<section class=\"elementor-section elementor-inner-section elementor-element elementor-element-8da485e elementor-section-full_width ot-traditional elementor-section-height-default elementor-section-height-default\" data-id=\"8da485e\" data-element_type=\"section\">\n\t\t\t\t\t\t<div class=\"elementor-container elementor-column-gap-extended\">\n\t\t\t\t\t<div class=\"elementor-column elementor-col-50 elementor-inner-column elementor-element elementor-element-ede4b1a ot-flex-column-vertical\" data-id=\"ede4b1a\" data-element_type=\"column\">\n\t\t\t<div class=\"elementor-widget-wrap elementor-element-populated\">\n\t\t\t\t\t\t<div class=\"elementor-element elementor-element-a48349e elementor-widget elementor-widget-iserv_box_2\" data-id=\"a48349e\" data-element_type=\"widget\" data-widget_type=\"iserv_box_2.default\">\n\t\t\t\t<div class=\"elementor-widget-container\">\n\t\t\t\t\t\n\t\t<div class=\"serv-box-2 s2\">\n\t\t\t<span class=\"big-number\">Saveur<\/span>\n\t\t\t<div class=\"icon-main\">\n\t\t        <svg aria-hidden=\"true\" class=\"e-font-icon-svg e-fas-medal\" viewBox=\"0 0 512 512\" xmlns=\"http:\/\/www.w3.org\/2000\/svg\"><path d=\"M223.75 130.75L154.62 15.54A31.997 31.997 0 0 0 127.18 0H16.03C3.08 0-4.5 14.57 2.92 25.18l111.27 158.96c29.72-27.77 67.52-46.83 109.56-53.39zM495.97 0H384.82c-11.24 0-21.66 5.9-27.44 15.54l-69.13 115.21c42.04 6.56 79.84 25.62 109.56 53.38L509.08 25.18C516.5 14.57 508.92 0 495.97 0zM256 160c-97.2 0-176 78.8-176 176s78.8 176 176 176 176-78.8 176-176-78.8-176-176-176zm92.52 157.26l-37.93 36.96 8.97 52.22c1.6 9.36-8.26 16.51-16.65 12.09L256 393.88l-46.9 24.65c-8.4 4.45-18.25-2.74-16.65-12.09l8.97-52.22-37.93-36.96c-6.82-6.64-3.05-18.23 6.35-19.59l52.43-7.64 23.43-47.52c2.11-4.28 6.19-6.39 10.28-6.39 4.11 0 8.22 2.14 10.33 6.39l23.43 47.52 52.43 7.64c9.4 1.36 13.17 12.95 6.35 19.59z\"><\/path><\/svg>\t\t\t    \t\t        \t        <\/div>\n\t        <div class=\"content-box\">\n\t            <h5>Concours des Saveurs R\u00e9gionales<\/h5>\n\t\t\t\t<div>\nM\u00e9daille : Saveur d\u2019Argent 2020 ( BOUDIN NOIR )<br>\nM\u00e9daille : Saveur d\u2019Or 2020\n( Farci charentais )<\/div>\n\t\t\t\t<a class=\"btn-details\"><\/a>\n\t        <\/div>\n\t    <\/div>\n\n\t    \t\t\t\t<\/div>\n\t\t\t\t<\/div>\n\t\t\t\t<div class=\"elementor-element elementor-element-3645c63 elementor-hidden-desktop elementor-hidden-tablet elementor-widget elementor-widget-spacer\" data-id=\"3645c63\" data-element_type=\"widget\" data-widget_type=\"spacer.default\">\n\t\t\t\t<div class=\"elementor-widget-container\">\n\t\t\t\t\t\t\t<div class=\"elementor-spacer\">\n\t\t\t<div class=\"elementor-spacer-inner\"><\/div>\n\t\t<\/div>\n\t\t\t\t\t\t<\/div>\n\t\t\t\t<\/div>\n\t\t\t\t\t<\/div>\n\t\t<\/div>\n\t\t\t\t<div class=\"elementor-column elementor-col-50 elementor-inner-column elementor-element elementor-element-62714c5 ot-flex-column-vertical\" data-id=\"62714c5\" data-element_type=\"column\">\n\t\t\t<div class=\"elementor-widget-wrap elementor-element-populated\">\n\t\t\t\t\t\t<div class=\"elementor-element elementor-element-5f1c553 elementor-widget elementor-widget-iserv_box_2\" data-id=\"5f1c553\" data-element_type=\"widget\" data-widget_type=\"iserv_box_2.default\">\n\t\t\t\t<div class=\"elementor-widget-container\">\n\t\t\t\t\t\n\t\t<div class=\"serv-box-2 s2\">\n\t\t\t<span class=\"big-number\">chef<\/span>\n\t\t\t<div class=\"icon-main\">\n\t\t        \t\t\t    <img decoding=\"async\" src=\"https:\/\/www.mystifying-almeida.194-164-160-196.plesk.page\/wp-content\/uploads\/2025\/04\/logo_qualichef.jpg\" alt=\"QUALICHEF\">\t\t        \t        <\/div>\n\t        <div class=\"content-box\">\n\t            <h5>QUALICHEF<\/h5>\n\t\t\t\t<div>Label QUALICHEF 2019\/2020<br><br><\/div>\n\t\t\t\t<a class=\"btn-details\"><\/a>\n\t        <\/div>\n\t    <\/div>\n\n\t    \t\t\t\t<\/div>\n\t\t\t\t<\/div>\n\t\t\t\t\t<\/div>\n\t\t<\/div>\n\t\t\t\t\t<\/div>\n\t\t<\/section>\n\t\t\t\t\t<\/div>\n\t\t<\/div>\n\t\t\t\t\t<\/div>\n\t\t<\/section>\n\t\t\t\t<section class=\"elementor-section elementor-top-section elementor-element elementor-element-c298a16 ot-traditional elementor-section-boxed elementor-section-height-default elementor-section-height-default\" data-id=\"c298a16\" data-element_type=\"section\">\n\t\t\t\t\t\t<div class=\"elementor-container elementor-column-gap-default\">\n\t\t\t\t\t<div class=\"elementor-column elementor-col-100 elementor-top-column elementor-element elementor-element-5071529 ot-flex-column-vertical\" data-id=\"5071529\" data-element_type=\"column\">\n\t\t\t<div class=\"elementor-widget-wrap elementor-element-populated\">\n\t\t\t\t\t\t<section class=\"elementor-section elementor-inner-section elementor-element elementor-element-cfe2524 elementor-section-full_width elementor-section-content-bottom ot-traditional elementor-section-height-default elementor-section-height-default\" data-id=\"cfe2524\" data-element_type=\"section\">\n\t\t\t\t\t\t<div class=\"elementor-container elementor-column-gap-default\">\n\t\t\t\t\t<div class=\"elementor-column elementor-col-25 elementor-inner-column elementor-element elementor-element-c876c07 ot-flex-column-vertical\" data-id=\"c876c07\" data-element_type=\"column\">\n\t\t\t<div class=\"elementor-widget-wrap elementor-element-populated\">\n\t\t\t\t\t\t<div class=\"elementor-element elementor-element-1c44c58 elementor-widget elementor-widget-image\" data-id=\"1c44c58\" data-element_type=\"widget\" data-widget_type=\"image.default\">\n\t\t\t\t<div class=\"elementor-widget-container\">\n\t\t\t\t\t\t\t\t\t\t\t\t\t\t\t\t<a href=\"https:\/\/www.mystifying-almeida.194-164-160-196.plesk.page\/wp-content\/uploads\/2025\/04\/04.jpg\" data-elementor-open-lightbox=\"yes\" data-elementor-lightbox-title=\"04\" data-e-action-hash=\"#elementor-action%3Aaction%3Dlightbox%26settings%3DeyJpZCI6NTI4NywidXJsIjoiaHR0cHM6XC9cL3d3dy5teXN0aWZ5aW5nLWFsbWVpZGEuMTk0LTE2NC0xNjAtMTk2LnBsZXNrLnBhZ2VcL3dwLWNvbnRlbnRcL3VwbG9hZHNcLzIwMjVcLzA0XC8wNC5qcGcifQ%3D%3D\">\n\t\t\t\t\t\t\t<img decoding=\"async\" width=\"720\" height=\"960\" src=\"https:\/\/www.mystifying-almeida.194-164-160-196.plesk.page\/wp-content\/uploads\/2025\/04\/04.jpg\" class=\"attachment-large size-large wp-image-5287\" alt=\"\" srcset=\"https:\/\/www.mystifying-almeida.194-164-160-196.plesk.page\/wp-content\/uploads\/2025\/04\/04.jpg 720w, https:\/\/www.mystifying-almeida.194-164-160-196.plesk.page\/wp-content\/uploads\/2025\/04\/04-225x300.jpg 225w\" sizes=\"(max-width: 720px) 100vw, 720px\" \/>\t\t\t\t\t\t\t\t<\/a>\n\t\t\t\t\t\t\t\t\t\t\t\t\t\t\t<\/div>\n\t\t\t\t<\/div>\n\t\t\t\t\t<\/div>\n\t\t<\/div>\n\t\t\t\t<div class=\"elementor-column elementor-col-25 elementor-inner-column elementor-element elementor-element-e618291 ot-flex-column-vertical\" data-id=\"e618291\" data-element_type=\"column\">\n\t\t\t<div class=\"elementor-widget-wrap elementor-element-populated\">\n\t\t\t\t\t\t<div class=\"elementor-element elementor-element-acaa7fa elementor-widget elementor-widget-image\" data-id=\"acaa7fa\" data-element_type=\"widget\" data-widget_type=\"image.default\">\n\t\t\t\t<div class=\"elementor-widget-container\">\n\t\t\t\t\t\t\t\t\t\t\t\t\t\t\t\t<a href=\"https:\/\/www.mystifying-almeida.194-164-160-196.plesk.page\/wp-content\/uploads\/2025\/04\/03.jpg\" data-elementor-open-lightbox=\"yes\" data-elementor-lightbox-title=\"03\" data-e-action-hash=\"#elementor-action%3Aaction%3Dlightbox%26settings%3DeyJpZCI6NTI5NSwidXJsIjoiaHR0cHM6XC9cL3d3dy5teXN0aWZ5aW5nLWFsbWVpZGEuMTk0LTE2NC0xNjAtMTk2LnBsZXNrLnBhZ2VcL3dwLWNvbnRlbnRcL3VwbG9hZHNcLzIwMjVcLzA0XC8wMy5qcGcifQ%3D%3D\">\n\t\t\t\t\t\t\t<img decoding=\"async\" width=\"720\" height=\"960\" src=\"https:\/\/www.mystifying-almeida.194-164-160-196.plesk.page\/wp-content\/uploads\/2025\/04\/03.jpg\" class=\"attachment-large size-large wp-image-5295\" alt=\"\" srcset=\"https:\/\/www.mystifying-almeida.194-164-160-196.plesk.page\/wp-content\/uploads\/2025\/04\/03.jpg 720w, https:\/\/www.mystifying-almeida.194-164-160-196.plesk.page\/wp-content\/uploads\/2025\/04\/03-225x300.jpg 225w\" sizes=\"(max-width: 720px) 100vw, 720px\" \/>\t\t\t\t\t\t\t\t<\/a>\n\t\t\t\t\t\t\t\t\t\t\t\t\t\t\t<\/div>\n\t\t\t\t<\/div>\n\t\t\t\t\t<\/div>\n\t\t<\/div>\n\t\t\t\t<div class=\"elementor-column elementor-col-25 elementor-inner-column elementor-element elementor-element-6d10cb6 ot-flex-column-vertical\" data-id=\"6d10cb6\" data-element_type=\"column\">\n\t\t\t<div class=\"elementor-widget-wrap elementor-element-populated\">\n\t\t\t\t\t\t<div class=\"elementor-element elementor-element-4a8ef6a elementor-widget elementor-widget-image\" data-id=\"4a8ef6a\" data-element_type=\"widget\" data-widget_type=\"image.default\">\n\t\t\t\t<div class=\"elementor-widget-container\">\n\t\t\t\t\t\t\t\t\t\t\t\t\t\t\t\t<a href=\"https:\/\/www.mystifying-almeida.194-164-160-196.plesk.page\/wp-content\/uploads\/2025\/04\/02.jpg\" data-elementor-open-lightbox=\"yes\" data-elementor-lightbox-title=\"02\" data-e-action-hash=\"#elementor-action%3Aaction%3Dlightbox%26settings%3DeyJpZCI6NTI5NiwidXJsIjoiaHR0cHM6XC9cL3d3dy5teXN0aWZ5aW5nLWFsbWVpZGEuMTk0LTE2NC0xNjAtMTk2LnBsZXNrLnBhZ2VcL3dwLWNvbnRlbnRcL3VwbG9hZHNcLzIwMjVcLzA0XC8wMi5qcGcifQ%3D%3D\">\n\t\t\t\t\t\t\t<img loading=\"lazy\" decoding=\"async\" width=\"720\" height=\"960\" src=\"https:\/\/www.mystifying-almeida.194-164-160-196.plesk.page\/wp-content\/uploads\/2025\/04\/02.jpg\" class=\"attachment-large size-large wp-image-5296\" alt=\"\" srcset=\"https:\/\/www.mystifying-almeida.194-164-160-196.plesk.page\/wp-content\/uploads\/2025\/04\/02.jpg 720w, https:\/\/www.mystifying-almeida.194-164-160-196.plesk.page\/wp-content\/uploads\/2025\/04\/02-225x300.jpg 225w\" sizes=\"(max-width: 720px) 100vw, 720px\" \/>\t\t\t\t\t\t\t\t<\/a>\n\t\t\t\t\t\t\t\t\t\t\t\t\t\t\t<\/div>\n\t\t\t\t<\/div>\n\t\t\t\t\t<\/div>\n\t\t<\/div>\n\t\t\t\t<div class=\"elementor-column elementor-col-25 elementor-inner-column elementor-element elementor-element-57250b1 ot-flex-column-vertical\" data-id=\"57250b1\" data-element_type=\"column\">\n\t\t\t<div class=\"elementor-widget-wrap elementor-element-populated\">\n\t\t\t\t\t\t<div class=\"elementor-element elementor-element-ff47387 elementor-widget elementor-widget-image\" data-id=\"ff47387\" data-element_type=\"widget\" data-widget_type=\"image.default\">\n\t\t\t\t<div class=\"elementor-widget-container\">\n\t\t\t\t\t\t\t\t\t\t\t\t\t\t\t\t<a href=\"https:\/\/www.mystifying-almeida.194-164-160-196.plesk.page\/wp-content\/uploads\/2025\/04\/01.jpg\" data-elementor-open-lightbox=\"yes\" data-elementor-lightbox-title=\"01\" data-e-action-hash=\"#elementor-action%3Aaction%3Dlightbox%26settings%3DeyJpZCI6NTI5NCwidXJsIjoiaHR0cHM6XC9cL3d3dy5teXN0aWZ5aW5nLWFsbWVpZGEuMTk0LTE2NC0xNjAtMTk2LnBsZXNrLnBhZ2VcL3dwLWNvbnRlbnRcL3VwbG9hZHNcLzIwMjVcLzA0XC8wMS5qcGcifQ%3D%3D\">\n\t\t\t\t\t\t\t<img loading=\"lazy\" decoding=\"async\" width=\"720\" height=\"960\" src=\"https:\/\/www.mystifying-almeida.194-164-160-196.plesk.page\/wp-content\/uploads\/2025\/04\/01.jpg\" class=\"attachment-large size-large wp-image-5294\" alt=\"\" srcset=\"https:\/\/www.mystifying-almeida.194-164-160-196.plesk.page\/wp-content\/uploads\/2025\/04\/01.jpg 720w, https:\/\/www.mystifying-almeida.194-164-160-196.plesk.page\/wp-content\/uploads\/2025\/04\/01-225x300.jpg 225w\" sizes=\"(max-width: 720px) 100vw, 720px\" \/>\t\t\t\t\t\t\t\t<\/a>\n\t\t\t\t\t\t\t\t\t\t\t\t\t\t\t<\/div>\n\t\t\t\t<\/div>\n\t\t\t\t\t<\/div>\n\t\t<\/div>\n\t\t\t\t\t<\/div>\n\t\t<\/section>\n\t\t\t\t\t<\/div>\n\t\t<\/div>\n\t\t\t\t\t<\/div>\n\t\t<\/section>\n\t\t\t\t<section class=\"elementor-section elementor-top-section elementor-element elementor-element-e9256ff elementor-section-full_width ot-traditional elementor-section-height-default elementor-section-height-default\" data-id=\"e9256ff\" data-element_type=\"section\" data-settings=\"{&quot;background_background&quot;:&quot;classic&quot;}\">\n\t\t\t\t\t\t<div class=\"elementor-container elementor-column-gap-default\">\n\t\t\t\t\t<div class=\"elementor-column elementor-col-100 elementor-top-column elementor-element elementor-element-a3e7862 ot-flex-column-vertical\" data-id=\"a3e7862\" data-element_type=\"column\">\n\t\t\t<div class=\"elementor-widget-wrap elementor-element-populated\">\n\t\t\t\t\t\t<div class=\"elementor-element elementor-element-255298d elementor-widget elementor-widget-iheading\" data-id=\"255298d\" data-element_type=\"widget\" data-widget_type=\"iheading.default\">\n\t\t\t\t<div class=\"elementor-widget-container\">\n\t\t\t\t\t\t\t<div class=\"ot-heading\">\n\t        <h2 class=\"main-heading\">Nous situer<\/h2>\t    <\/div>\n\t    \t\t\t\t<\/div>\n\t\t\t\t<\/div>\n\t\t\t\t<section class=\"elementor-section elementor-inner-section elementor-element elementor-element-15a1712 elementor-section-full_width ot-traditional elementor-section-height-default elementor-section-height-default\" data-id=\"15a1712\" data-element_type=\"section\">\n\t\t\t\t\t\t<div class=\"elementor-container elementor-column-gap-extended\">\n\t\t\t\t\t<div class=\"elementor-column elementor-col-100 elementor-inner-column elementor-element elementor-element-8f87cdc ot-flex-column-vertical\" data-id=\"8f87cdc\" data-element_type=\"column\">\n\t\t\t<div class=\"elementor-widget-wrap elementor-element-populated\">\n\t\t\t\t\t\t<div class=\"elementor-element elementor-element-2de6f36 elementor-widget elementor-widget-google_maps\" data-id=\"2de6f36\" data-element_type=\"widget\" data-widget_type=\"google_maps.default\">\n\t\t\t\t<div class=\"elementor-widget-container\">\n\t\t\t\t\t\t\t<div class=\"elementor-custom-embed\">\n\t\t\t<iframe loading=\"lazy\"\n\t\t\t\t\tsrc=\"https:\/\/maps.google.com\/maps?q=Pannetier%20Charcuterie%20Traiteur%2039%20Rue%20du%208%20Mai%2C%2017138%20Puilboreau&#038;t=m&#038;z=16&#038;output=embed&#038;iwloc=near\"\n\t\t\t\t\ttitle=\"Pannetier Charcuterie Traiteur 39 Rue du 8 Mai, 17138 Puilboreau\"\n\t\t\t\t\taria-label=\"Pannetier Charcuterie Traiteur 39 Rue du 8 Mai, 17138 Puilboreau\"\n\t\t\t><\/iframe>\n\t\t<\/div>\n\t\t\t\t\t\t<\/div>\n\t\t\t\t<\/div>\n\t\t\t\t\t<\/div>\n\t\t<\/div>\n\t\t\t\t\t<\/div>\n\t\t<\/section>\n\t\t\t\t\t<\/div>\n\t\t<\/div>\n\t\t\t\t\t<\/div>\n\t\t<\/section>\n\t\t\t\t<\/div>\n\t\t","protected":false},"excerpt":{"rendered":"<p>La soci\u00e9t\u00e9 Pannetier Charcuterie Traiteur (plats \u00e0 emporter) vous accueille \u00e0 Puilboreau pr\u00e9s de La Rochelle dans le d\u00e9partement de la Charente-Maritime. A votre disposition au march\u00e9 central de La Rochelle : deux points de vente, une charcuterie artisanale \u201cMaison\u201d avec espace traiteur de plats cuisin\u00e9s- et un second de r\u00f4tisserie. La SAS Pannetier Charcuterie [&hellip;]<\/p>\n","protected":false},"author":1,"featured_media":0,"parent":0,"menu_order":0,"comment_status":"closed","ping_status":"closed","template":"","meta":{"footnotes":""},"class_list":["post-2274","page","type-page","status-publish","hentry"],"_links":{"self":[{"href":"https:\/\/www.mystifying-almeida.194-164-160-196.plesk.page\/index.php\/wp-json\/wp\/v2\/pages\/2274","targetHints":{"allow":["GET"]}}],"collection":[{"href":"https:\/\/www.mystifying-almeida.194-164-160-196.plesk.page\/index.php\/wp-json\/wp\/v2\/pages"}],"about":[{"href":"https:\/\/www.mystifying-almeida.194-164-160-196.plesk.page\/index.php\/wp-json\/wp\/v2\/types\/page"}],"author":[{"embeddable":true,"href":"https:\/\/www.mystifying-almeida.194-164-160-196.plesk.page\/index.php\/wp-json\/wp\/v2\/users\/1"}],"replies":[{"embeddable":true,"href":"https:\/\/www.mystifying-almeida.194-164-160-196.plesk.page\/index.php\/wp-json\/wp\/v2\/comments?post=2274"}],"version-history":[{"count":150,"href":"https:\/\/www.mystifying-almeida.194-164-160-196.plesk.page\/index.php\/wp-json\/wp\/v2\/pages\/2274\/revisions"}],"predecessor-version":[{"id":5433,"href":"https:\/\/www.mystifying-almeida.194-164-160-196.plesk.page\/index.php\/wp-json\/wp\/v2\/pages\/2274\/revisions\/5433"}],"wp:attachment":[{"href":"https:\/\/www.mystifying-almeida.194-164-160-196.plesk.page\/index.php\/wp-json\/wp\/v2\/media?parent=2274"}],"curies":[{"name":"wp","href":"https:\/\/api.w.org\/{rel}","templated":true}]}}