{"id":2407,"date":"2020-03-06T07:58:00","date_gmt":"2020-03-06T07:58:00","guid":{"rendered":"http:\/\/wpdemo.archiwp.com\/engitech\/?page_id=2407"},"modified":"2025-04-24T13:28:00","modified_gmt":"2025-04-24T13:28:00","slug":"la-rotisserie-du-marche","status":"publish","type":"page","link":"https:\/\/www.mystifying-almeida.194-164-160-196.plesk.page\/index.php\/la-rotisserie-du-marche\/","title":{"rendered":"La Rot\u00eesserie du March\u00e9"},"content":{"rendered":"\t\t<div data-elementor-type=\"wp-page\" data-elementor-id=\"2407\" class=\"elementor elementor-2407\">\n\t\t\t\t\t\t<section class=\"elementor-section elementor-top-section elementor-element elementor-element-ca00d56 ot-traditional elementor-section-boxed elementor-section-height-default elementor-section-height-default\" data-id=\"ca00d56\" data-element_type=\"section\">\n\t\t\t\t\t\t<div class=\"elementor-container elementor-column-gap-default\">\n\t\t\t\t\t<div class=\"elementor-column elementor-col-100 elementor-top-column elementor-element elementor-element-ffdf0ac ot-flex-column-vertical\" data-id=\"ffdf0ac\" data-element_type=\"column\">\n\t\t\t<div class=\"elementor-widget-wrap elementor-element-populated\">\n\t\t\t\t\t\t<section class=\"elementor-section elementor-inner-section elementor-element elementor-element-75221f9 elementor-section-full_width elementor-section-content-bottom ot-traditional elementor-section-height-default elementor-section-height-default\" data-id=\"75221f9\" data-element_type=\"section\">\n\t\t\t\t\t\t<div class=\"elementor-container elementor-column-gap-default\">\n\t\t\t\t\t<div class=\"elementor-column elementor-col-50 elementor-inner-column elementor-element elementor-element-c1b831a ot-flex-column-vertical\" data-id=\"c1b831a\" data-element_type=\"column\">\n\t\t\t<div class=\"elementor-widget-wrap elementor-element-populated\">\n\t\t\t\t\t\t<div class=\"elementor-element elementor-element-1b26fd1 elementor-widget elementor-widget-iheading\" data-id=\"1b26fd1\" data-element_type=\"widget\" data-widget_type=\"iheading.default\">\n\t\t\t\t<div class=\"elementor-widget-container\">\n\t\t\t\t\t\t\t<div class=\"ot-heading\">\n\t        \t            <span>\/\/ Services<\/span>\n\t        <h2 class=\"main-heading\">La Rot\u00eesserie du March\u00e9<\/h2>\t    <\/div>\n\t    \t\t\t\t<\/div>\n\t\t\t\t<\/div>\n\t\t\t\t\t<\/div>\n\t\t<\/div>\n\t\t\t\t<div class=\"elementor-column elementor-col-50 elementor-inner-column elementor-element elementor-element-615e33b ot-flex-column-vertical\" data-id=\"615e33b\" data-element_type=\"column\">\n\t\t\t<div class=\"elementor-widget-wrap elementor-element-populated\">\n\t\t\t\t\t\t<div class=\"elementor-element elementor-element-a516fa4 elementor-widget elementor-widget-image\" data-id=\"a516fa4\" data-element_type=\"widget\" data-widget_type=\"image.default\">\n\t\t\t\t<div class=\"elementor-widget-container\">\n\t\t\t\t\t\t\t\t\t\t\t\t\t\t\t<img fetchpriority=\"high\" decoding=\"async\" width=\"300\" height=\"225\" src=\"https:\/\/www.mystifying-almeida.194-164-160-196.plesk.page\/wp-content\/uploads\/2025\/04\/Resized_image00000015.jpeg-300x225.jpg\" class=\"attachment-medium size-medium wp-image-5373\" alt=\"\" srcset=\"https:\/\/www.mystifying-almeida.194-164-160-196.plesk.page\/wp-content\/uploads\/2025\/04\/Resized_image00000015.jpeg-300x225.jpg 300w, https:\/\/www.mystifying-almeida.194-164-160-196.plesk.page\/wp-content\/uploads\/2025\/04\/Resized_image00000015.jpeg-1024x768.jpg 1024w, https:\/\/www.mystifying-almeida.194-164-160-196.plesk.page\/wp-content\/uploads\/2025\/04\/Resized_image00000015.jpeg-768x576.jpg 768w, https:\/\/www.mystifying-almeida.194-164-160-196.plesk.page\/wp-content\/uploads\/2025\/04\/Resized_image00000015.jpeg-720x540.jpg 720w, https:\/\/www.mystifying-almeida.194-164-160-196.plesk.page\/wp-content\/uploads\/2025\/04\/Resized_image00000015.jpeg.jpg 1440w\" sizes=\"(max-width: 300px) 100vw, 300px\" \/>\t\t\t\t\t\t\t\t\t\t\t\t\t\t\t<\/div>\n\t\t\t\t<\/div>\n\t\t\t\t\t<\/div>\n\t\t<\/div>\n\t\t\t\t\t<\/div>\n\t\t<\/section>\n\t\t\t\t<div class=\"elementor-element elementor-element-36df49b elementor-widget elementor-widget-text-editor\" data-id=\"36df49b\" data-element_type=\"widget\" data-widget_type=\"text-editor.default\">\n\t\t\t\t<div class=\"elementor-widget-container\">\n\t\t\t\t\t\t\t\t\t<p>Grand choix de grosses pi\u00e8ces de volailles truff\u00e9es sous la peau<br \/>Pr\u00e9par\u00e9es A l\u2019ancienne (poch\u00e9es dans un bouillon puis r\u00f4ties)<br \/>Pour accompagner vos plats, un choix de garniture vous est propos\u00e9.<\/p>\t\t\t\t\t\t\t\t<\/div>\n\t\t\t\t<\/div>\n\t\t\t\t<section class=\"elementor-section elementor-inner-section elementor-element elementor-element-64da2ad elementor-section-full_width ot-traditional elementor-section-height-default elementor-section-height-default\" data-id=\"64da2ad\" data-element_type=\"section\">\n\t\t\t\t\t\t<div class=\"elementor-container elementor-column-gap-extended\">\n\t\t\t\t\t<div class=\"elementor-column elementor-col-33 elementor-inner-column elementor-element elementor-element-73d21de ot-flex-column-vertical\" data-id=\"73d21de\" data-element_type=\"column\">\n\t\t\t<div class=\"elementor-widget-wrap elementor-element-populated\">\n\t\t\t\t\t\t<div class=\"elementor-element elementor-element-2e0b847 elementor-widget elementor-widget-iiconbox2\" data-id=\"2e0b847\" data-element_type=\"widget\" data-widget_type=\"iiconbox2.default\">\n\t\t\t\t<div class=\"elementor-widget-container\">\n\t\t\t\t\t\t\t<div class=\"icon-box-s2 s1\">\n\t\t\t<div class=\"icon-main\">\n\t\t        \t\t\t    \t\t        <span class=\"\"><\/span>\t\t        \t        <\/div>\n\t        <div class=\"content-box\">\n\t            <h5>Les Volailles<\/h5>\n\t            <p>Chapon jaune Fermier<br>\nPoularde Fermi\u00e8re<br>\nChapon de Pintade<br><\/p>\n\t        <\/div>\n\t    <\/div>\n\t    \t\t\t\t<\/div>\n\t\t\t\t<\/div>\n\t\t\t\t\t<\/div>\n\t\t<\/div>\n\t\t\t\t<div class=\"elementor-column elementor-col-33 elementor-inner-column elementor-element elementor-element-58b6f2a ot-flex-column-vertical\" data-id=\"58b6f2a\" data-element_type=\"column\">\n\t\t\t<div class=\"elementor-widget-wrap elementor-element-populated\">\n\t\t\t\t\t\t<div class=\"elementor-element elementor-element-8e5b4fe elementor-widget elementor-widget-iiconbox2\" data-id=\"8e5b4fe\" data-element_type=\"widget\" data-widget_type=\"iiconbox2.default\">\n\t\t\t\t<div class=\"elementor-widget-container\">\n\t\t\t\t\t\t\t<div class=\"icon-box-s2 s1\">\n\t\t\t<div class=\"icon-main\">\n\t\t        \t\t\t    \t\t        <span class=\"\"><\/span>\t\t        \t        <\/div>\n\t        <div class=\"content-box\">\n\t            <h5>Les Viandes<\/h5>\n\t            <p>Prochainement<\/p>\n\t        <\/div>\n\t    <\/div>\n\t    \t\t\t\t<\/div>\n\t\t\t\t<\/div>\n\t\t\t\t\t<\/div>\n\t\t<\/div>\n\t\t\t\t<div class=\"elementor-column elementor-col-33 elementor-inner-column elementor-element elementor-element-80b173f elementor-hidden-tablet ot-flex-column-vertical\" data-id=\"80b173f\" data-element_type=\"column\">\n\t\t\t<div class=\"elementor-widget-wrap elementor-element-populated\">\n\t\t\t\t\t\t<div class=\"elementor-element elementor-element-ec9e6d3 elementor-widget elementor-widget-iiconbox2\" data-id=\"ec9e6d3\" data-element_type=\"widget\" data-widget_type=\"iiconbox2.default\">\n\t\t\t\t<div class=\"elementor-widget-container\">\n\t\t\t\t\t\t\t<div class=\"icon-box-s2 s1\">\n\t\t\t<div class=\"icon-main\">\n\t\t        \t\t\t    \t\t        <span class=\"\"><\/span>\t\t        \t        <\/div>\n\t        <div class=\"content-box\">\n\t            <h5>Les Assortiments<\/h5>\n\t            <p>Prochainement<\/p>\n\t        <\/div>\n\t    <\/div>\n\t    \t\t\t\t<\/div>\n\t\t\t\t<\/div>\n\t\t\t\t\t<\/div>\n\t\t<\/div>\n\t\t\t\t\t<\/div>\n\t\t<\/section>\n\t\t\t\t\t<\/div>\n\t\t<\/div>\n\t\t\t\t\t<\/div>\n\t\t<\/section>\n\t\t<div class=\"elementor-element elementor-element-0114a21 e-flex e-con-boxed e-con e-parent\" data-id=\"0114a21\" data-element_type=\"container\">\n\t\t\t\t\t<div class=\"e-con-inner\">\n\t\t\t\t\t<\/div>\n\t\t\t\t<\/div>\n\t\t\t\t<\/div>\n\t\t","protected":false},"excerpt":{"rendered":"<p>\/\/ Services La Rot\u00eesserie du March\u00e9 Grand choix de grosses pi\u00e8ces de volailles truff\u00e9es sous la peauPr\u00e9par\u00e9es A l\u2019ancienne (poch\u00e9es dans un bouillon puis r\u00f4ties)Pour accompagner vos plats, un choix de garniture vous est propos\u00e9. Les Volailles Chapon jaune Fermier Poularde Fermi\u00e8re Chapon de Pintade Les Viandes Prochainement Les Assortiments Prochainement<\/p>\n","protected":false},"author":1,"featured_media":0,"parent":0,"menu_order":0,"comment_status":"closed","ping_status":"closed","template":"","meta":{"footnotes":""},"class_list":["post-2407","page","type-page","status-publish","hentry"],"_links":{"self":[{"href":"https:\/\/www.mystifying-almeida.194-164-160-196.plesk.page\/index.php\/wp-json\/wp\/v2\/pages\/2407","targetHints":{"allow":["GET"]}}],"collection":[{"href":"https:\/\/www.mystifying-almeida.194-164-160-196.plesk.page\/index.php\/wp-json\/wp\/v2\/pages"}],"about":[{"href":"https:\/\/www.mystifying-almeida.194-164-160-196.plesk.page\/index.php\/wp-json\/wp\/v2\/types\/page"}],"author":[{"embeddable":true,"href":"https:\/\/www.mystifying-almeida.194-164-160-196.plesk.page\/index.php\/wp-json\/wp\/v2\/users\/1"}],"replies":[{"embeddable":true,"href":"https:\/\/www.mystifying-almeida.194-164-160-196.plesk.page\/index.php\/wp-json\/wp\/v2\/comments?post=2407"}],"version-history":[{"count":36,"href":"https:\/\/www.mystifying-almeida.194-164-160-196.plesk.page\/index.php\/wp-json\/wp\/v2\/pages\/2407\/revisions"}],"predecessor-version":[{"id":5410,"href":"https:\/\/www.mystifying-almeida.194-164-160-196.plesk.page\/index.php\/wp-json\/wp\/v2\/pages\/2407\/revisions\/5410"}],"wp:attachment":[{"href":"https:\/\/www.mystifying-almeida.194-164-160-196.plesk.page\/index.php\/wp-json\/wp\/v2\/media?parent=2407"}],"curies":[{"name":"wp","href":"https:\/\/api.w.org\/{rel}","templated":true}]}}